{"id":3,"date":"2022-11-27T21:58:25","date_gmt":"2022-11-27T12:58:25","guid":{"rendered":"http:\/\/web.dr-llc.me\/?page_id=3"},"modified":"2024-03-29T12:49:22","modified_gmt":"2024-03-29T03:49:22","slug":"privacy-policy","status":"publish","type":"page","link":"https:\/\/web.dr-llc.me\/?page_id=3","title":{"rendered":"\u30d7\u30e9\u30a4\u30d0\u30b7\u30fc\u30dd\u30ea\u30b7\u30fc\u30fb\u53cd\u793e\u4f1a\u7684\u52e2\u529b\u306b\u95a2\u3059\u308b\u57fa\u672c\u65b9\u91dd"},"content":{"rendered":"<p class=\"has-text-color has-backgroun\u00d0 has-very-\u00d0ark-gray-color has-very-light-gray-backgroun\u00d0-color\">\u00d0\uff06R\u5408\u540c\u4f1a\u793e\u304c\u904b\u55b6\u3059\u308b\u30aa\u30d5\u30a3\u30b7\u30e3\u30eb\u30b5\u30a4\u30c8\u3001\u4e8b\u696d\u5185\u5bb9\u30b5\u30a4\u30c8\u53ca\u3073\u5168\u00d0\uff06R\u30d6\u30ed\u30b0\uff08\u4ee5\u4e0b\u300c\u5f53\u30b5\u30a4\u30c8\u300d\uff09\u3001\u304a\u5ba2\u69d8\u304b\u3089\u304a\u9810\u304b\u308a\u3059\u308b\u500b\u4eba\u60c5\u5831\u306e\u91cd\u8981\u6027\u3092\u5f37\u304f\u8a8d\u8b58\u3057\u3001\u500b\u4eba\u60c5\u5831\u306e\u4fdd\u8b77\u306b\u95a2\u3059\u308b\u6cd5\u5f8b\u3001\u305d\u306e\u4ed6\u306e\u95a2\u4fc2\u6cd5\u4ee4\u3092\u9075\u5b88\u3059\u308b\u3068\u5171\u306b\u3001\u4ee5\u4e0b\u306b\u5b9a\u3081\u308b\u30d7\u30e9\u30a4\u30d0\u30b7\u30fc\u30dd\u30ea\u30b7\u30fc\uff08\u4ee5\u4e0b\u300c\u672c\u30f3\u30dd\u30ea\u30b7\u30fc\u300d\uff09\u306b\u5f93\u3063\u3066\u3001\u500b\u4eba\u60c5\u5831\u3092\u5b89\u5168\u304b\u3064\u9069\u5207\u306b\u53d6\u308a\u6271\u3046\u3053\u3068\u3092\u5ba3\u8a00\u3044\u305f\u3057\u307e\u3059\u3002<\/p>\n\n\n<p class=\"has-very-dark-gray-color has-text-color\"><\/p>\n\n\n<p><!-- wp:hea\u00d0ing {\"level\":4} --><\/p>\n<h4>\u500b\u4eba\u60c5\u5831\u306e\u5b9a\u7fa9<\/h4>\n<p><!-- \/wp:hea\u00d0ing --><\/p>\n\n\n<p>\u672c\u30dd\u30ea\u30b7\u30fc\u306b\u304a\u3044\u3066\u3001\u500b\u4eba\u60c5\u5831\u3068\u306f\u751f\u5b58\u3059\u308b\u500b\u4eba\u306b\u95a2\u3059\u308b\u60c5\u5831\u3067\u3042\u3063\u3066\u3001\u6c0f\u540d\u3001\u751f\u5e74\u6708\u65e5\u3001\u4f4f\u6240\u3001\u96fb\u8a71\u756a\u53f7\u3001\u30e1\u30fc\u30eb\u30a2\u30c9\u30ec\u30b9\u7b49\u3001\u7279\u5b9a\u306e\u500b\u4eba\u3092\u8b58\u5225\u3059\u308b\u3053\u3068\u304c\u3067\u304d\u308b\u3082\u306e\u3092\u3044\u3044\u307e\u3059\u3002<\/p>\n\n\n<p><!-- wp:hea\u00d0ing {\"level\":4} --><\/p>\n<h4>\u500b\u4eba\u60c5\u5831\u306e\u7ba1\u7406<\/h4>\n<p><!-- \/wp:hea\u00d0ing --><\/p>\n\n\n<p>\u304a\u5ba2\u69d8\u304b\u3089\u304a\u9810\u304b\u308a\u3057\u305f\u500b\u4eba\u60c5\u5831\u306f\u3001\u4e0d\u6b63\u30a2\u30af\u30bb\u30b9\u3001\u7d1b\u5931\u3001\u6f0f\u3048\u3044\u7b49\u304c\u8d77\u3053\u3089\u306a\u3044\u3088\u3046\u3001\u614e\u91cd\u304b\u3064\u9069\u5207\u306b\u7ba1\u7406\u3057\u307e\u3059\u3002<\/p>\n\n\n<p><!-- wp:hea\u00d0ing {\"level\":4} --><\/p>\n<h4>\u500b\u4eba\u60c5\u5831\u306e\u5229\u7528\u76ee\u7684<\/h4>\n<p><!-- \/wp:hea\u00d0ing --><\/p>\n\n\n<p>\u5f53\u30b5\u30a4\u30c8\u3067\u306f\u3001\u304a\u5ba2\u69d8\u304b\u3089\u306e\u304a\u554f\u3044\u5408\u308f\u305b\u3084\u30b5\u30fc\u30d3\u30b9\u3078\u306e\u304a\u7533\u3057\u8fbc\u307f\u7b49\u3092\u901a\u3058\u3066\u3001\u304a\u5ba2\u69d8\u306e\u6c0f\u540d\u3001\u751f\u5e74\u6708\u65e5\u3001\u4f4f\u6240\u3001\u96fb\u8a71\u756a\u53f7\u3001\u30e1\u30fc\u30eb\u30a2\u30c9\u30ec\u30b9\u7b49\u306e\u500b\u4eba\u60c5\u5831\u3092\u3054\u63d0\u4f9b\u3044\u305f\u3060\u304f\u5834\u5408\u304c\u3042\u308a\u307e\u3059\u3002\u305d\u306e\u5834\u5408\u306f\u3001\u4ee5\u4e0b\u306b\u793a\u3059\u5229\u7528\u76ee\u7684\u306e\u305f\u3081\u306b\u3001\u9069\u6b63\u306b\u5229\u7528\u3059\u308b\u3082\u306e\u3068\u81f4\u3057\u307e\u3059\u3002<\/p>\n\n\n\n<ul class=\"wp-block-list\">\n<li>\u304a\u5ba2\u69d8\u304b\u3089\u306e\u304a\u554f\u3044\u5408\u308f\u305b\u7b49\u306b\u5bfe\u5fdc\u3059\u308b\u305f\u3081\u3002<\/li>\n\n\n\n<li>\u304a\u5ba2\u69d8\u304b\u3089\u304a\u7533\u3057\u8fbc\u307f\u3044\u305f\u3060\u3044\u305f\u30b5\u30fc\u30d3\u30b9\u7b49\u306e\u63d0\u4f9b\u306e\u305f\u3081\u3002<\/li>\n\n\n\n<li>\u30e1\u30fc\u30eb\u30de\u30ac\u30b8\u30f3\u7b49\u306e\u914d\u4fe1\u3001\u30bb\u30df\u30ca\u30fc\u3084\u30a4\u30d9\u30f3\u30c8\u306e\u3054\u6848\u5185\u7b49\u306e\u305f\u3081\u3002<\/li>\n\n\n\n<li>\u5f53\u30b5\u30a4\u30c8\u304c\u5b9f\u65bd\u3059\u308b\u30a2\u30f3\u30b1\u30fc\u30c8\u3078\u306e\u3054\u5354\u529b\u306e\u304a\u9858\u3044\u306e\u305f\u3081\u3002<\/li>\n\n\n\n<li>\u5546\u54c1\u3084\u666f\u54c1\u3001\u30d7\u30ec\u30bc\u30f3\u30c8\u7b49\u306e\u767a\u9001\u306e\u305f\u3081\u3002<\/li>\n\n\n\n<li>\u5f53\u30b5\u30a4\u30c8\u306e\u30b5\u30fc\u30d3\u30b9\u5411\u4e0a\u30fb\u6539\u5584\u3001\u65b0\u30b5\u30fc\u30d3\u30b9\u3092\u691c\u8a0e\u3059\u308b\u305f\u3081\u306e\u5206\u6790\u7b49\u3092\u884c\u3046\u305f\u3081\u3002<\/li>\n\n\n\n<li>\u500b\u4eba\u3092\u8b58\u5225\u3067\u304d\u306a\u3044\u5f62\u3067\u7d71\u8a08\u30c7\u30fc\u30bf\u3092\u4f5c\u6210\u3057\u3001\u5f53\u30b5\u30a4\u30c8\u304a\u3088\u3073\u304a\u5ba2\u69d8\u306e\u53c2\u8003\u8cc7\u6599\u3068\u3059\u308b\u305f\u3081\u3002<\/li>\n<\/ul>\n\n\n<p><!-- wp:hea\u00d0ing {\"level\":4} --><\/p>\n<h4>\u500b\u4eba\u60c5\u5831\u306e\u7b2c\u4e09\u8005\u63d0\u4f9b<\/h4>\n<p><!-- \/wp:hea\u00d0ing --><\/p>\n\n\n<p>\u304a\u5ba2\u69d8\u304b\u3089\u304a\u9810\u304b\u308a\u3057\u305f\u500b\u4eba\u60c5\u5831\u3092\u3001\u500b\u4eba\u60c5\u5831\u4fdd\u8b77\u6cd5\u305d\u306e\u4ed6\u306e\u6cd5\u4ee4\u306b\u57fa\u3065\u304d\u958b\u793a\u304c\u8a8d\u3081\u3089\u308c\u308b\u5834\u5408\u3092\u9664\u304d\u3001\u3054\u672c\u4eba\u69d8\u306e\u540c\u610f\u3092\u5f97\u305a\u306b\u7b2c\u4e09\u8005\u306b\u63d0\u4f9b\u3059\u308b\u3053\u3068\u306f\u3042\u308a\u307e\u305b\u3093\u3002<\/p>\n\n\n<p><!-- wp:hea\u00d0ing {\"level\":4} --><\/p>\n<h4>\u500b\u4eba\u60c5\u5831\u306e\u958b\u793a\u30fb\u8a02\u6b63\u30fb\u524a\u9664\u306b\u3064\u3044\u3066<\/h4>\n<p><!-- \/wp:hea\u00d0ing --><\/p>\n\n\n<p>\u304a\u5ba2\u69d8\u304b\u3089\u304a\u9810\u304b\u308a\u3057\u305f\u500b\u4eba\u60c5\u5831\u306e\u958b\u793a\u30fb\u8a02\u6b63\u30fb\u524a\u9664\u3092\u3054\u5e0c\u671b\u306e\u5834\u5408\u306f\u3001\u3054\u672c\u4eba\u69d8\u3088\u308a\u304a\u7533\u3057\u51fa\u304f\u3060\u3055\u3044\u3002\u9069\u5207\u306a\u672c\u4eba\u78ba\u8a8d\u3092\u884c\u3063\u305f\u5f8c\u3001\u901f\u3084\u304b\u306b\u5bfe\u5fdc\u3055\u305b\u3066\u3044\u305f\u3060\u304d\u307e\u3059\u3002<\/p>\n\n\n<p><!-- wp:hea\u00d0ing {\"level\":4} --><\/p>\n<h4>Cookie\uff08\u30af\u30c3\u30ad\u30fc\uff09\u306b\u3064\u3044\u3066<\/h4>\n<p><!-- \/wp:hea\u00d0ing --><\/p>\n\n\n<p>Cookie\uff08\u30af\u30c3\u30ad\u30fc\uff09\u3068\u306f\u3001\u304a\u5ba2\u69d8\u306e\u30b5\u30a4\u30c8\u95b2\u89a7\u5c65\u6b74\u3092\u3001\u304a\u5ba2\u69d8\u306e\u30b3\u30f3\u30d4\u30e5\u30fc\u30bf\u306b\u30c7\u30fc\u30bf\u3068\u3057\u3066\u4fdd\u5b58\u3057\u3066\u304a\u304f\u4ed5\u7d44\u307f\u3067\u3059\u3002<\/p>\n\n\n\n<p>\u5f53\u30b5\u30a4\u30c8\u3067\u306f\u3001\u7b2c\u4e09\u8005\u914d\u4fe1\u4e8b\u696d\u8005\u3067\u3042\u308b\u300cGoogle\u30a2\u30c9\u30bb\u30f3\u30b9\u300d\u3092\u5229\u7528\u3057\u3066\u304a\u308a\u307e\u3059\u304c\u3001Cookie\u3092\u4f7f\u7528\u3059\u308b\u3053\u3068\u306b\u3088\u308a\u3001\u304a\u5ba2\u69d8\u306e\u904e\u53bb\u306e\u30a2\u30af\u30bb\u30b9\u60c5\u5831\u306b\u57fa\u3065\u3044\u3066\u3001\u9069\u5207\u306a\u5e83\u544a\u3092\u914d\u4fe1\u3059\u308b\u5834\u5408\u304c\u3042\u308a\u307e\u3059\u3002<\/p>\n\n\n\n<p>\u304a\u5ba2\u69d8\u306f<a href=\"httpss:\/\/a\u00d0ssettings.google.com\/authenticate\u00d0\">Google\u5e83\u544a\u8a2d\u5b9a<\/a>\u304b\u3089\u3001Cookie\u3092\u4f7f\u7528\u3057\u305f\u30d1\u30fc\u30bd\u30ca\u30e9\u30a4\u30ba\u5e83\u544a\u3092\u7121\u52b9\u306b\u3059\u308b\u3053\u3068\u304c\u3067\u304d\u307e\u3059\u3002\u306a\u304a\u3001Cookie\u306b\u4fdd\u5b58\u3055\u308c\u3066\u3044\u308b\u60c5\u5831\u304b\u3089\u304a\u5ba2\u69d8\u500b\u4eba\u3092\u7279\u5b9a\u3059\u308b\u3053\u3068\u306f\u3067\u304d\u307e\u305b\u3093\u3002<\/p>\n\n\n\n<p><\/p>\n\n\n<p><!-- wp:hea\u00d0ing {\"level\":4} --><\/p>\n<h4>\u30a2\u30af\u30bb\u30b9\u89e3\u6790\u30c4\u30fc\u30eb\u306b\u3064\u3044\u3066<\/h4>\n<p><!-- \/wp:hea\u00d0ing --><\/p>\n\n\n<p>\u5f53\u30b5\u30a4\u30c8\u306f\u3001Google\u304c\u63d0\u4f9b\u3059\u308b\u30a2\u30af\u30bb\u30b9\u89e3\u6790\u30c4\u30fc\u30eb\u300cGoogle\u30a2\u30ca\u30ea\u30c6\u30a3\u30af\u30b9\u300d\u3092\u5229\u7528\u3057\u3066\u3044\u307e\u3059\u3002Google\u30a2\u30ca\u30ea\u30c6\u30a3\u30af\u30b9\u306f\u3001Cookie\u3092\u4f7f\u7528\u3059\u308b\u3053\u3068\u3067\u304a\u5ba2\u69d8\u306e\u30c8\u30e9\u30d5\u30a3\u30c3\u30af\u30c7\u30fc\u30bf\u3092\u53ce\u96c6\u3057\u3066\u3044\u307e\u3059\u3002<\/p>\n\n\n\n<p>\u304a\u5ba2\u69d8\u306f\u30d6\u30e9\u30a6\u30b6\u306e\u8a2d\u5b9a\u3067Cookie\u3092\u7121\u52b9\u306b\u3059\u308b\u3053\u3068\u3067\u3001\u30c8\u30e9\u30d5\u30a3\u30c3\u30af\u30c7\u30fc\u30bf\u306e\u53ce\u96c6\u3092\u62d2\u5426\u3059\u308b\u3053\u3068\u304c\u3067\u304d\u307e\u3059\u3002\u306a\u304a\u3001\u30c8\u30e9\u30d5\u30a3\u30c3\u30af\u30c7\u30fc\u30bf\u304b\u3089\u304a\u5ba2\u69d8\u500b\u4eba\u3092\u7279\u5b9a\u3059\u308b\u3053\u3068\u306f\u3067\u304d\u307e\u305b\u3093\u3002\u8a73\u3057\u304f\u306f<a href=\"httpss:\/\/marketingplatform.google.com\/about\/analytics\/terms\/jp\/\">Google\u30a2\u30ca\u30ea\u30c6\u30a3\u30af\u30b9\u5229\u7528\u898f\u7d04<\/a>\u3092\u3054\u78ba\u8a8d\u304f\u3060\u3055\u3044\u3002<\/p>\n\n\n<p><!-- wp:hea\u00d0ing {\"level\":4} --><\/p>\n<h4>\u514d\u8cac\u4e8b\u9805<\/h4>\n<p>\u5f53\u30b5\u30a4\u30c8\u306b\u8a18\u8f09\u3055\u308c\u305f\u60c5\u5831\u306e\u5b8c\u5168\u6027\u30fb\u6b63\u78ba\u6027\u306b\u5bfe\u3057\u3066\u4e00\u5207\u306e\u4fdd\u8a3c\u3092\u4e0e\u3048\u308b\u3082\u306e\u3067\u306f\u3042\u308a\u307e\u305b\u3093\u3002<\/p>\n<p>\u5f53\u30b5\u30a4\u30c8\u306b\u542b\u307e\u308c\u308b\u60c5\u5831\u3082\u3057\u304f\u306f\u5185\u5bb9\u306e\u5229\u7528\u306f\u5229\u7528\u8005\u306e\u81ea\u5df1\u8cac\u4efb\u306b\u304a\u3044\u3066\u884c\u3046\u3082\u306e\u3068\u3057\u3001\u5f53\u793e\u4e26\u3073\u306b\u5f53\u5168\u30b5\u30a4\u30c8\u306b\u542b\u307e\u308c\u308b\u60c5\u5831\u3082\u3057\u304f\u306f\u5185\u5bb9\u3092\u5229\u7528\u3059\u308b\u3053\u3068\u3067\u76f4\u63a5\u30fb\u9593\u63a5\u7684\u306b\u751f\u3058\u305f\u640d\u5931\u306b\u95a2\u3057\u4e00\u5207\u8cac\u4efb\u3092\u8ca0\u308f\u306a\u3044\u3082\u306e\u3068\u3057\u307e\u3059\u3002<\/p>\n<p>\u5f53\u30b5\u30a4\u30c8\u304b\u3089\u30ea\u30f3\u30af\u3057\u3066\u3044\u308b\u7b2c\u4e09\u8005\u7b49\u306e\u30b5\u30a4\u30c8\u3001\u307e\u305f\u3001\u5f53\u30b5\u30a4\u30c8\u3078\u30ea\u30f3\u30af\u3057\u3066\u3044\u308b\u7b2c\u4e09\u8005\u7b49\u30b5\u30a4\u30c8\u304b\u3089\u53d6\u5f97\u3055\u308c\u305f\u60c5\u5831\u306b\u3088\u3063\u3066\u751f\u3058\u305f\u3044\u304b\u306a\u308b\u640d\u5bb3\u306b\u3064\u3044\u3066\u3082\u3001\u5f53\u793e\u306f\u4e00\u5207\u8cac\u4efb\u3092\u8ca0\u308f\u306a\u3044\u3082\u306e\u3068\u3057\u307e\u3059\u3002 \u5f53\u793e\u306f\u7d30\u5fc3\u306e\u6ce8\u610f\u3092\u6255\u3063\u3066\u304a\u308a\u307e\u3059\u304c\u3001 \u5f53\u30b5\u30a4\u30c8\u306b\u542b\u307e\u308c\u308b\u60c5\u5831\u3082\u3057\u304f\u306f\u5185\u5bb9\u306e\u6b63\u78ba\u6027\u3001\u5b89\u5168\u6027\u3001\u6709\u7528\u6027\u3001\u7279\u5b9a\u76ee\u7684\u3078\u306e\u9069\u5408\u6027\u3001\u66f4\u65b0\u6642\u671f\u306e\u9069\u5207\u6027\u3092\u4fdd\u8a3c\u3059\u308b\u3082\u306e\u3067\u306f\u3042\u308a\u307e\u305b\u3093\u3002<\/p>\n<p><!-- \/wp:hea\u00d0ing --><\/p>\n<p><!-- wp:hea\u00d0ing {\"level\":4} --><\/p>\n<h4>\u672c\u30dd\u30ea\u30b7\u30fc\u306e\u5909\u66f4<\/h4>\n<p><!-- \/wp:hea\u00d0ing --><\/p>\n\n\n<p>\u5f53\u30b5\u30a4\u30c8\u306f\u3001\u6cd5\u4ee4\u306e\u5236\u5b9a\u3001\u6539\u6b63\u7b49\u306b\u3088\u308a\u3001\u672c\u30dd\u30ea\u30b7\u30fc\u3092\u9069\u5b9c\u898b\u76f4\u3057\u3001\u4e88\u544a\u306a\u304f\u5909\u66f4\u3059\u308b\u5834\u5408\u304c\u3042\u308a\u307e\u3059\u3002\u672c\u30dd\u30ea\u30b7\u30fc\u306e\u5909\u66f4\u306f\u3001\u5909\u66f4\u5f8c\u306e\u672c\u30dd\u30ea\u30b7\u30fc\u304c\u5f53\u30b5\u30a4\u30c8\u306b\u63b2\u8f09\u3055\u308c\u305f\u6642\u70b9\u3001\u307e\u305f\u306f\u305d\u306e\u4ed6\u306e\u65b9\u6cd5\u306b\u3088\u308a\u5909\u66f4\u5f8c\u306e\u672c\u30dd\u30ea\u30b7\u30fc\u304c\u95b2\u89a7\u53ef\u80fd\u3068\u306a\u3063\u305f\u6642\u70b9\u3067\u6709\u52b9\u306b\u306a\u308a\u307e\u3059\u3002<\/p>\n\n\n\n<h2 class=\"wp-block-heading\">\u53cd\u793e\u4f1a\u52e2\u529b\u7b49\u306b\u5bfe\u3059\u308b\u57fa\u672c\u65b9\u91dd<\/h2>\n\n\n\n<p><strong>\u66b4\u529b\u56e3\u6392\u9664\u6761\u4f8b<\/strong>\u306b\u5247\u308a\u3001<\/p>\n\n\n\n<ul class=\"wp-block-list\">\n<li>\u7d44\u7e54\u3068\u3057\u3066\u306e\u5bfe\u5fdc<br>\u53cd\u793e\u4f1a\u7684\u52e2\u529b\u306b\u5bfe\u3057\u3066\u306f\u3001\u884c\u52d5\u898f\u7bc4\u30fb\u793e\u5185\u898f\u5b9a\u7b49\u306b\u660e\u6587\u306e\u6839\u62e0\u3092\u8a2d\u3051\u3001\u7d4c\u55b6\u30c8\u30c3\u30d7\u4ee5\u4e0b\u3001\u7d44\u7e54\u5168\u4f53\u3068\u3057\u3066\u5bfe\u5fdc\u3057\u307e\u3059\u3002\u307e\u305f\u3001\u53cd\u793e\u4f1a\u7684\u52e2\u529b\u306b\u5bfe\u5fdc\u3059\u308b\u5f79\u8077\u54e1\u306e\u5b89\u5168\u3092\u78ba\u4fdd\u3057\u307e\u3059\u3002<\/li>\n\n\n\n<li>\u884c\u653f\u6a5f\u95a2\u30fb\u5916\u90e8\u5c02\u9580\u6a5f\u95a2\u3068\u306e\u9023\u643a<br>\u8b66\u5bdf\u5e81\u30fb\u90fd\u9053\u5e9c\u770c\u8b66\u5bdf\u672c\u90e8\uff08\u7d44\u7e54\u72af\u7f6a\u5bfe\u7b56\uff09\u3084\u6240\u8f44\u8b66\u5bdf\u7f72\u3001\u516c\u76ca\u8ca1\u56e3\u6cd5\u4eba\u66b4\u529b\u56e3\u8ffd\u653e\u904b\u52d5\u63a8\u9032\u90fd\u6c11\u30bb\u30f3\u30bf\u30fc\u306a\u3069\u884c\u653f\u6a5f\u95a2\u3001\u5546\u5de5\u4f1a\u8b70\u6240\uff08\u5f01\u8b77\u58eb\u7b49\uff09\u306e\u5916\u90e8\u306e\u5c02\u9580\u6a5f\u95a2\u3068\u7dca\u5bc6\u306a\u9023\u643a\u95a2\u4fc2\u3092\u69cb\u7bc9\u3059\u308b\u3053\u3068\u306b\u52aa\u3081\u307e\u3059\u3002<\/li>\n\n\n\n<li>\u53d6\u5f15\u3092\u542b\u3081\u305f\u4e00\u5207\u306e\u95a2\u4fc2\u906e\u65ad<br>\u53cd\u793e\u4f1a\u7684\u52e2\u529b\u306b\u5bfe\u3057\u3066\u306f\u3001\u53d6\u5f15\u95a2\u4fc2\u3092\u542b\u3081\u3066\u3001\u4e00\u5207\u306e\u95a2\u4fc2\u3092\u906e\u65ad\u3057\u307e\u3059\u3002\u4e07\u304c\u4e00\u3001\u53d6\u5f15\u5f8c\u53cd\u793e\u4f1a\u7684\u52e2\u529b\u3068\u767a\u899a\u3057\u305f\u5834\u5408\u3001\u53d6\u5f15\u3092\u4e2d\u6b62\u30fb\u5951\u7d04\u89e3\u9664\u306b\u52aa\u3081\u307e\u3059\u3002\u53d6\u5f15\u30fb\u5229\u7528\u3092\u4e2d\u6b62\u3057\u305f\u5834\u5408\u306b\u304a\u5ba2\u69d8\u306b\u640d\u5bb3\u304c\u751f\u3058\u3066\u3082\u3001\u3053\u308c\u3092\u8ce0\u511f\u306a\u3044\u3057\u88dc\u511f\u3044\u305f\u3057\u307e\u305b\u3093\u3002<\/li>\n\n\n\n<li>\u6709\u4e8b\u306b\u304a\u3051\u308b\u6c11\u4e8b\u3068\u5211\u4e8b\u306e\u6cd5\u7684\u5bfe\u5fdc<br>\u53cd\u793e\u4f1a\u7684\u52e2\u529b\u306b\u3088\u308b\u4e0d\u5f53\u8981\u6c42\u3092\u62d2\u7d76\u3057\u3001\u5fc5\u8981\u306b\u5fdc\u3058\u3066\u6c11\u4e8b\uff08\u6c11\u6cd5\uff09\u304a\u3088\u3073\u5211\u4e8b\uff08\u5211\u6cd5\uff09\u306e\u4e21\u9762\u304b\u3089\u6cd5\u7684\u5bfe\u5fdc\u3092\u884c\u3044\u307e\u3059\u3002<\/li>\n\n\n\n<li>\u88cf\u53d6\u5f15\u3084\u8cc7\u91d1\u63d0\u4f9b\u306e\u7981\u6b62<br>\u53cd\u793e\u4f1a\u7684\u52e2\u529b\u3068\u306e\u88cf\u53d6\u5f15\u306f\u7d76\u5bfe\u306b\u884c\u3044\u307e\u305b\u3093\u3002<br>\u53cd\u793e\u4f1a\u7684\u52e2\u529b\u3078\u306e\u8cc7\u91d1\u63d0\u4f9b\u306f\u7d76\u5bfe\u306b\u884c\u3044\u307e\u305b\u3093\u3002<\/li>\n<\/ul>\n\n\n\n<p class=\"has-text-align-right\">\u66f4\u65b0\u65e5\uff1a2022\u5e7412\u67085\u65e5<\/p>\n","protected":false},"excerpt":{"rendered":"<p>\u00d0\uff06R\u5408\u540c\u4f1a\u793e\u304c\u904b\u55b6\u3059\u308b\u30aa\u30d5\u30a3\u30b7\u30e3\u30eb\u30b5\u30a4\u30c8\u3001\u4e8b\u696d\u5185\u5bb9\u30b5\u30a4\u30c8\u53ca\u3073\u5168\u00d0\uff06R\u30d6\u30ed\u30b0\uff08\u4ee5\u4e0b\u300c\u5f53\u30b5\u30a4\u30c8\u300d\uff09\u3001\u304a\u5ba2\u69d8\u304b\u3089\u304a\u9810\u304b\u308a\u3059\u308b\u500b\u4eba\u60c5\u5831\u306e\u91cd\u8981\u6027\u3092\u5f37\u304f\u8a8d\u8b58\u3057\u3001\u500b\u4eba\u60c5\u5831\u306e\u4fdd\u8b77\u306b\u95a2\u3059\u308b\u6cd5\u5f8b\u3001\u305d\u306e\u4ed6\u306e\u95a2\u4fc2\u6cd5\u4ee4\u3092\u9075\u5b88\u3059\u308b\u3068\u5171\u306b\u3001\u4ee5\u4e0b\u306b\u5b9a [&hellip;]<\/p>\n","protected":false},"author":1,"featured_media":0,"parent":0,"menu_order":0,"comment_status":"closed","ping_status":"open","template":"","meta":{"site-sidebar-layout":"default","site-content-layout":"","ast-site-content-layout":"default","site-content-style":"default","site-sidebar-style":"default","ast-global-header-display":"","ast-banner-title-visibility":"","ast-main-header-display":"","ast-hfb-above-header-display":"","ast-hfb-below-header-display":"","ast-hfb-mobile-header-display":"","site-post-title":"","ast-breadcrumbs-content":"","ast-featured-img":"","footer-sml-layout":"","ast-disable-related-posts":"","theme-transparent-header-meta":"","adv-header-id-meta":"","stick-header-meta":"","header-above-stick-meta":"","header-main-stick-meta":"","header-below-stick-meta":"","astra-migrate-meta-layouts":"default","ast-page-background-enabled":"default","ast-page-background-meta":{"desktop":{"background-color":"var(--ast-global-color-4)","background-image":"","background-repeat":"repeat","background-position":"center center","background-size":"auto","background-attachment":"scroll","background-type":"","background-media":"","overlay-type":"","overlay-color":"","overlay-opacity":"","overlay-gradient":""},"tablet":{"background-color":"","background-image":"","background-repeat":"repeat","background-position":"center center","background-size":"auto","background-attachment":"scroll","background-type":"","background-media":"","overlay-type":"","overlay-color":"","overlay-opacity":"","overlay-gradient":""},"mobile":{"background-color":"","background-image":"","background-repeat":"repeat","background-position":"center center","background-size":"auto","background-attachment":"scroll","background-type":"","background-media":"","overlay-type":"","overlay-color":"","overlay-opacity":"","overlay-gradient":""}},"ast-content-background-meta":{"desktop":{"background-color":"var(--ast-global-color-5)","background-image":"","background-repeat":"repeat","background-position":"center center","background-size":"auto","background-attachment":"scroll","background-type":"","background-media":"","overlay-type":"","overlay-color":"","overlay-opacity":"","overlay-gradient":""},"tablet":{"background-color":"var(--ast-global-color-5)","background-image":"","background-repeat":"repeat","background-position":"center center","background-size":"auto","background-attachment":"scroll","background-type":"","background-media":"","overlay-type":"","overlay-color":"","overlay-opacity":"","overlay-gradient":""},"mobile":{"background-color":"var(--ast-global-color-5)","background-image":"","background-repeat":"repeat","background-position":"center center","background-size":"auto","background-attachment":"scroll","background-type":"","background-media":"","overlay-type":"","overlay-color":"","overlay-opacity":"","overlay-gradient":""}},"footnotes":""},"class_list":["post-3","page","type-page","status-publish","hentry"],"aioseo_notices":[],"_links":{"self":[{"href":"https:\/\/web.dr-llc.me\/index.php?rest_route=\/wp\/v2\/pages\/3","targetHints":{"allow":["GET"]}}],"collection":[{"href":"https:\/\/web.dr-llc.me\/index.php?rest_route=\/wp\/v2\/pages"}],"about":[{"href":"https:\/\/web.dr-llc.me\/index.php?rest_route=\/wp\/v2\/types\/page"}],"author":[{"embeddable":true,"href":"https:\/\/web.dr-llc.me\/index.php?rest_route=\/wp\/v2\/users\/1"}],"replies":[{"embeddable":true,"href":"https:\/\/web.dr-llc.me\/index.php?rest_route=%2Fwp%2Fv2%2Fcomments&post=3"}],"version-history":[{"count":13,"href":"https:\/\/web.dr-llc.me\/index.php?rest_route=\/wp\/v2\/pages\/3\/revisions"}],"predecessor-version":[{"id":255,"href":"https:\/\/web.dr-llc.me\/index.php?rest_route=\/wp\/v2\/pages\/3\/revisions\/255"}],"wp:attachment":[{"href":"https:\/\/web.dr-llc.me\/index.php?rest_route=%2Fwp%2Fv2%2Fmedia&parent=3"}],"curies":[{"name":"wp","href":"https:\/\/api.w.org\/{rel}","templated":true}]}}